{"id":9263,"date":"2026-04-09T14:43:07","date_gmt":"2026-04-09T12:43:07","guid":{"rendered":"https:\/\/www.autoelettric.com\/it\/?page_id=9263"},"modified":"2026-04-09T16:35:29","modified_gmt":"2026-04-09T14:35:29","slug":"znd-zhen-de-electronics","status":"publish","type":"page","link":"https:\/\/www.autoelettric.com\/it\/znd-zhen-de-electronics\/","title":{"rendered":"ZND \u2013 Zhen De Electronics"},"content":{"rendered":"\t\t<div data-elementor-type=\"wp-page\" data-elementor-id=\"9263\" class=\"elementor elementor-9263\" data-elementor-post-type=\"page\">\n\t\t\t\t\t\t<section class=\"elementor-section elementor-top-section elementor-element elementor-element-83caf5e elementor-section-boxed elementor-section-height-default elementor-section-height-default\" data-id=\"83caf5e\" data-element_type=\"section\" data-e-type=\"section\">\n\t\t\t\t\t\t<div class=\"elementor-container elementor-column-gap-default\">\n\t\t\t\t\t<div class=\"elementor-column elementor-col-100 elementor-top-column elementor-element elementor-element-1278fcd\" data-id=\"1278fcd\" data-element_type=\"column\" data-e-type=\"column\">\n\t\t\t<div class=\"elementor-widget-wrap elementor-element-populated\">\n\t\t\t\t\t\t<div class=\"elementor-element elementor-element-35b1ff4 elementor-widget elementor-widget-heading\" data-id=\"35b1ff4\" data-element_type=\"widget\" data-e-type=\"widget\" data-widget_type=\"heading.default\">\n\t\t\t\t<div class=\"elementor-widget-container\">\n\t\t\t\t\t<h3 class=\"elementor-heading-title elementor-size-default\">ZND \u2013 Zhen De Electronics<\/h3>\t\t\t\t<\/div>\n\t\t\t\t<\/div>\n\t\t\t\t<div class=\"elementor-element elementor-element-9f7395a elementor-widget-divider--view-line elementor-widget elementor-widget-divider\" data-id=\"9f7395a\" data-element_type=\"widget\" data-e-type=\"widget\" data-widget_type=\"divider.default\">\n\t\t\t\t<div class=\"elementor-widget-container\">\n\t\t\t\t\t\t\t<div class=\"elementor-divider\">\n\t\t\t<span class=\"elementor-divider-separator\">\n\t\t\t\t\t\t<\/span>\n\t\t<\/div>\n\t\t\t\t\t\t<\/div>\n\t\t\t\t<\/div>\n\t\t\t\t<div class=\"elementor-element elementor-element-41aff94 elementor-widget__width-initial elementor-widget elementor-widget-text-editor\" data-id=\"41aff94\" data-element_type=\"widget\" data-e-type=\"widget\" data-widget_type=\"text-editor.default\">\n\t\t\t\t<div class=\"elementor-widget-container\">\n\t\t\t\t\t\t\t\t\t<p><a href=\"http:\/\/www.znd.net.cn\/\" target=\"_blank\" rel=\"noopener\"><strong>ZND (Zhen De Electronics Co., Ltd.)<\/strong><\/a> \u00e8 un produttore cinese specializzato nello sviluppo e nella produzione di rel\u00e8 per circuiti stampati (PCB relays), rel\u00e8 di segnale e componenti elettromeccanici destinati ad applicazioni industriali ed automotive. L\u2019azienda dispone di una struttura produttiva solida e integrata, in grado di garantire elevati volumi, continuit\u00e0 di fornitura e un buon livello di competitivit\u00e0 sul mercato internazionale.<\/p><p>La collaborazione con <strong>Autoelettric<\/strong> nasce dalla volont\u00e0 di unire questa capacit\u00e0 industriale con il nostro approccio tecnico e qualitativo. I <a href=\"http:\/\/www.znd.net.cn\/\" target=\"_blank\" rel=\"noopener\"><strong>prodotti di ZND<\/strong><\/a> vengono selezionati, testati e validati internamente, cos\u00ec da poter essere integrati in modo affidabile all\u2019interno delle nostre soluzioni e delle applicazioni dei clienti europei.<\/p><p>Questa sinergia ci permette di offrire al mercato europeo componenti che coniugano efficienza produttiva e controllo qualitativo, mantenendo la flessibilit\u00e0 necessaria per rispondere alle esigenze specifiche di clienti OEM e integratori di sistema. <strong>Autoelettric<\/strong> rimane il riferimento diretto per il supporto tecnico e per l\u2019adattamento del prodotto alle diverse applicazioni, garantendo standard coerenti con le richieste del primo impianto. Autoelettric opera come distributore ufficiale per l&#8217;intero mercato europeo.<\/p>\t\t\t\t\t\t\t\t<\/div>\n\t\t\t\t<\/div>\n\t\t\t\t\t<\/div>\n\t\t<\/div>\n\t\t\t\t\t<\/div>\n\t\t<\/section>\n\t\t<div class=\"elementor-element elementor-element-f9dc4dd e-flex e-con-boxed e-con e-parent\" data-id=\"f9dc4dd\" data-element_type=\"container\" data-e-type=\"container\">\n\t\t\t\t\t<div class=\"e-con-inner\">\n\t\t\t\t<div class=\"elementor-element elementor-element-d6823e6 elementor-widget elementor-widget-gallery\" data-id=\"d6823e6\" data-element_type=\"widget\" data-e-type=\"widget\" data-settings=\"{&quot;lazyload&quot;:&quot;yes&quot;,&quot;gallery_layout&quot;:&quot;grid&quot;,&quot;columns&quot;:4,&quot;columns_tablet&quot;:2,&quot;columns_mobile&quot;:1,&quot;gap&quot;:{&quot;unit&quot;:&quot;px&quot;,&quot;size&quot;:10,&quot;sizes&quot;:[]},&quot;gap_tablet&quot;:{&quot;unit&quot;:&quot;px&quot;,&quot;size&quot;:10,&quot;sizes&quot;:[]},&quot;gap_mobile&quot;:{&quot;unit&quot;:&quot;px&quot;,&quot;size&quot;:10,&quot;sizes&quot;:[]},&quot;link_to&quot;:&quot;file&quot;,&quot;aspect_ratio&quot;:&quot;3:2&quot;,&quot;overlay_background&quot;:&quot;yes&quot;,&quot;content_hover_animation&quot;:&quot;fade-in&quot;}\" data-widget_type=\"gallery.default\">\n\t\t\t\t<div class=\"elementor-widget-container\">\n\t\t\t\t\t\t\t<div class=\"elementor-gallery__container\">\n\t\t\t\t\t\t\t<a class=\"e-gallery-item elementor-gallery-item elementor-animated-content\" href=\"https:\/\/www.autoelettric.com\/it\/wp-content\/uploads\/sites\/2\/2026\/04\/ZND_12-1-scaled.jpg\" data-elementor-open-lightbox=\"yes\" data-elementor-lightbox-slideshow=\"d6823e6\" data-elementor-lightbox-title=\"_cuva\" data-e-action-hash=\"#elementor-action%3Aaction%3Dlightbox%26settings%3DeyJpZCI6OTI5MywidXJsIjoiaHR0cHM6XC9cL3d3dy5hdXRvZWxldHRyaWMuY29tXC9pdFwvd3AtY29udGVudFwvdXBsb2Fkc1wvc2l0ZXNcLzJcLzIwMjZcLzA0XC9aTkRfMTItMS1zY2FsZWQuanBnIiwic2xpZGVzaG93IjoiZDY4MjNlNiJ9\">\n\t\t\t\t\t<div class=\"e-gallery-image elementor-gallery-item__image\" data-thumbnail=\"https:\/\/www.autoelettric.com\/it\/wp-content\/uploads\/sites\/2\/2026\/04\/ZND_12-1-300x137.jpg\" data-width=\"300\" data-height=\"137\" aria-label=\"\" role=\"img\" ><\/div>\n\t\t\t\t\t\t\t\t\t\t\t<div class=\"elementor-gallery-item__overlay\"><\/div>\n\t\t\t\t\t\t\t\t\t\t\t\t\t\t<\/a>\n\t\t\t\t\t\t\t<a class=\"e-gallery-item elementor-gallery-item elementor-animated-content\" href=\"https:\/\/www.autoelettric.com\/it\/wp-content\/uploads\/sites\/2\/2026\/04\/ZND_16-1-scaled.jpg\" data-elementor-open-lightbox=\"yes\" data-elementor-lightbox-slideshow=\"d6823e6\" data-elementor-lightbox-title=\"ZND_16\" data-e-action-hash=\"#elementor-action%3Aaction%3Dlightbox%26settings%3DeyJpZCI6OTI5NywidXJsIjoiaHR0cHM6XC9cL3d3dy5hdXRvZWxldHRyaWMuY29tXC9pdFwvd3AtY29udGVudFwvdXBsb2Fkc1wvc2l0ZXNcLzJcLzIwMjZcLzA0XC9aTkRfMTYtMS1zY2FsZWQuanBnIiwic2xpZGVzaG93IjoiZDY4MjNlNiJ9\">\n\t\t\t\t\t<div class=\"e-gallery-image elementor-gallery-item__image\" data-thumbnail=\"https:\/\/www.autoelettric.com\/it\/wp-content\/uploads\/sites\/2\/2026\/04\/ZND_16-1-300x137.jpg\" data-width=\"300\" data-height=\"137\" aria-label=\"\" role=\"img\" ><\/div>\n\t\t\t\t\t\t\t\t\t\t\t<div class=\"elementor-gallery-item__overlay\"><\/div>\n\t\t\t\t\t\t\t\t\t\t\t\t\t\t<\/a>\n\t\t\t\t\t\t\t<a class=\"e-gallery-item elementor-gallery-item elementor-animated-content\" href=\"https:\/\/www.autoelettric.com\/it\/wp-content\/uploads\/sites\/2\/2026\/04\/ZND_17-scaled.jpg\" data-elementor-open-lightbox=\"yes\" data-elementor-lightbox-slideshow=\"d6823e6\" data-elementor-lightbox-title=\"ZND_17\" data-e-action-hash=\"#elementor-action%3Aaction%3Dlightbox%26settings%3DeyJpZCI6OTI5OCwidXJsIjoiaHR0cHM6XC9cL3d3dy5hdXRvZWxldHRyaWMuY29tXC9pdFwvd3AtY29udGVudFwvdXBsb2Fkc1wvc2l0ZXNcLzJcLzIwMjZcLzA0XC9aTkRfMTctc2NhbGVkLmpwZyIsInNsaWRlc2hvdyI6ImQ2ODIzZTYifQ%3D%3D\">\n\t\t\t\t\t<div class=\"e-gallery-image elementor-gallery-item__image\" data-thumbnail=\"https:\/\/www.autoelettric.com\/it\/wp-content\/uploads\/sites\/2\/2026\/04\/ZND_17-300x225.jpg\" data-width=\"300\" data-height=\"225\" aria-label=\"\" role=\"img\" ><\/div>\n\t\t\t\t\t\t\t\t\t\t\t<div class=\"elementor-gallery-item__overlay\"><\/div>\n\t\t\t\t\t\t\t\t\t\t\t\t\t\t<\/a>\n\t\t\t\t\t\t\t<a class=\"e-gallery-item elementor-gallery-item elementor-animated-content\" href=\"https:\/\/www.autoelettric.com\/it\/wp-content\/uploads\/sites\/2\/2026\/04\/ZND_06-scaled.jpg\" data-elementor-open-lightbox=\"yes\" data-elementor-lightbox-slideshow=\"d6823e6\" data-elementor-lightbox-title=\"ZND_06\" data-e-action-hash=\"#elementor-action%3Aaction%3Dlightbox%26settings%3DeyJpZCI6OTI4NywidXJsIjoiaHR0cHM6XC9cL3d3dy5hdXRvZWxldHRyaWMuY29tXC9pdFwvd3AtY29udGVudFwvdXBsb2Fkc1wvc2l0ZXNcLzJcLzIwMjZcLzA0XC9aTkRfMDYtc2NhbGVkLmpwZyIsInNsaWRlc2hvdyI6ImQ2ODIzZTYifQ%3D%3D\">\n\t\t\t\t\t<div class=\"e-gallery-image elementor-gallery-item__image\" data-thumbnail=\"https:\/\/www.autoelettric.com\/it\/wp-content\/uploads\/sites\/2\/2026\/04\/ZND_06-300x225.jpg\" data-width=\"300\" data-height=\"225\" aria-label=\"\" role=\"img\" ><\/div>\n\t\t\t\t\t\t\t\t\t\t\t<div class=\"elementor-gallery-item__overlay\"><\/div>\n\t\t\t\t\t\t\t\t\t\t\t\t\t\t<\/a>\n\t\t\t\t\t\t\t<a class=\"e-gallery-item elementor-gallery-item elementor-animated-content\" href=\"https:\/\/www.autoelettric.com\/it\/wp-content\/uploads\/sites\/2\/2026\/04\/ZND_10.jpg\" data-elementor-open-lightbox=\"yes\" data-elementor-lightbox-slideshow=\"d6823e6\" data-elementor-lightbox-title=\"ZND_10\" data-e-action-hash=\"#elementor-action%3Aaction%3Dlightbox%26settings%3DeyJpZCI6OTI5MSwidXJsIjoiaHR0cHM6XC9cL3d3dy5hdXRvZWxldHRyaWMuY29tXC9pdFwvd3AtY29udGVudFwvdXBsb2Fkc1wvc2l0ZXNcLzJcLzIwMjZcLzA0XC9aTkRfMTAuanBnIiwic2xpZGVzaG93IjoiZDY4MjNlNiJ9\">\n\t\t\t\t\t<div class=\"e-gallery-image elementor-gallery-item__image\" data-thumbnail=\"https:\/\/www.autoelettric.com\/it\/wp-content\/uploads\/sites\/2\/2026\/04\/ZND_10-300x225.jpg\" data-width=\"300\" data-height=\"225\" aria-label=\"\" role=\"img\" ><\/div>\n\t\t\t\t\t\t\t\t\t\t\t<div class=\"elementor-gallery-item__overlay\"><\/div>\n\t\t\t\t\t\t\t\t\t\t\t\t\t\t<\/a>\n\t\t\t\t\t\t\t<a class=\"e-gallery-item elementor-gallery-item elementor-animated-content\" href=\"https:\/\/www.autoelettric.com\/it\/wp-content\/uploads\/sites\/2\/2026\/04\/ZND_15-1-scaled.jpg\" data-elementor-open-lightbox=\"yes\" data-elementor-lightbox-slideshow=\"d6823e6\" data-elementor-lightbox-title=\"ZND_15\" data-e-action-hash=\"#elementor-action%3Aaction%3Dlightbox%26settings%3DeyJpZCI6OTI5NiwidXJsIjoiaHR0cHM6XC9cL3d3dy5hdXRvZWxldHRyaWMuY29tXC9pdFwvd3AtY29udGVudFwvdXBsb2Fkc1wvc2l0ZXNcLzJcLzIwMjZcLzA0XC9aTkRfMTUtMS1zY2FsZWQuanBnIiwic2xpZGVzaG93IjoiZDY4MjNlNiJ9\">\n\t\t\t\t\t<div class=\"e-gallery-image elementor-gallery-item__image\" data-thumbnail=\"https:\/\/www.autoelettric.com\/it\/wp-content\/uploads\/sites\/2\/2026\/04\/ZND_15-1-300x137.jpg\" data-width=\"300\" data-height=\"137\" aria-label=\"\" role=\"img\" ><\/div>\n\t\t\t\t\t\t\t\t\t\t\t<div class=\"elementor-gallery-item__overlay\"><\/div>\n\t\t\t\t\t\t\t\t\t\t\t\t\t\t<\/a>\n\t\t\t\t\t\t\t<a class=\"e-gallery-item elementor-gallery-item elementor-animated-content\" href=\"https:\/\/www.autoelettric.com\/it\/wp-content\/uploads\/sites\/2\/2026\/04\/ZND_18-1-scaled.jpg\" data-elementor-open-lightbox=\"yes\" data-elementor-lightbox-slideshow=\"d6823e6\" data-elementor-lightbox-title=\"ZND_18\" data-e-action-hash=\"#elementor-action%3Aaction%3Dlightbox%26settings%3DeyJpZCI6OTI5OSwidXJsIjoiaHR0cHM6XC9cL3d3dy5hdXRvZWxldHRyaWMuY29tXC9pdFwvd3AtY29udGVudFwvdXBsb2Fkc1wvc2l0ZXNcLzJcLzIwMjZcLzA0XC9aTkRfMTgtMS1zY2FsZWQuanBnIiwic2xpZGVzaG93IjoiZDY4MjNlNiJ9\">\n\t\t\t\t\t<div class=\"e-gallery-image elementor-gallery-item__image\" data-thumbnail=\"https:\/\/www.autoelettric.com\/it\/wp-content\/uploads\/sites\/2\/2026\/04\/ZND_18-1-300x225.jpg\" data-width=\"300\" data-height=\"225\" aria-label=\"\" role=\"img\" ><\/div>\n\t\t\t\t\t\t\t\t\t\t\t<div class=\"elementor-gallery-item__overlay\"><\/div>\n\t\t\t\t\t\t\t\t\t\t\t\t\t\t<\/a>\n\t\t\t\t\t\t\t<a class=\"e-gallery-item elementor-gallery-item elementor-animated-content\" href=\"https:\/\/www.autoelettric.com\/it\/wp-content\/uploads\/sites\/2\/2026\/04\/ZND_05-scaled.jpg\" data-elementor-open-lightbox=\"yes\" data-elementor-lightbox-slideshow=\"d6823e6\" data-elementor-lightbox-title=\"ZND_05\" data-e-action-hash=\"#elementor-action%3Aaction%3Dlightbox%26settings%3DeyJpZCI6OTI4NSwidXJsIjoiaHR0cHM6XC9cL3d3dy5hdXRvZWxldHRyaWMuY29tXC9pdFwvd3AtY29udGVudFwvdXBsb2Fkc1wvc2l0ZXNcLzJcLzIwMjZcLzA0XC9aTkRfMDUtc2NhbGVkLmpwZyIsInNsaWRlc2hvdyI6ImQ2ODIzZTYifQ%3D%3D\">\n\t\t\t\t\t<div class=\"e-gallery-image elementor-gallery-item__image\" data-thumbnail=\"https:\/\/www.autoelettric.com\/it\/wp-content\/uploads\/sites\/2\/2026\/04\/ZND_05-300x225.jpg\" data-width=\"300\" data-height=\"225\" aria-label=\"\" role=\"img\" ><\/div>\n\t\t\t\t\t\t\t\t\t\t\t<div class=\"elementor-gallery-item__overlay\"><\/div>\n\t\t\t\t\t\t\t\t\t\t\t\t\t\t<\/a>\n\t\t\t\t\t<\/div>\n\t\t\t\t\t<\/div>\n\t\t\t\t<\/div>\n\t\t\t\t\t<\/div>\n\t\t\t\t<\/div>\n\t\t<div class=\"elementor-element elementor-element-472dfd0 e-flex e-con-boxed e-con e-parent\" data-id=\"472dfd0\" data-element_type=\"container\" data-e-type=\"container\">\n\t\t\t\t\t<div class=\"e-con-inner\">\n\t\t\t\t<div class=\"elementor-element elementor-element-e315149 elementor-widget elementor-widget-spacer\" data-id=\"e315149\" data-element_type=\"widget\" data-e-type=\"widget\" data-widget_type=\"spacer.default\">\n\t\t\t\t<div class=\"elementor-widget-container\">\n\t\t\t\t\t\t\t<div class=\"elementor-spacer\">\n\t\t\t<div class=\"elementor-spacer-inner\"><\/div>\n\t\t<\/div>\n\t\t\t\t\t\t<\/div>\n\t\t\t\t<\/div>\n\t\t\t\t\t<\/div>\n\t\t\t\t<\/div>\n\t\t<div class=\"elementor-element elementor-element-b5391b4 e-flex e-con-boxed e-con e-parent\" data-id=\"b5391b4\" data-element_type=\"container\" data-e-type=\"container\">\n\t\t\t\t\t<div class=\"e-con-inner\">\n\t\t<div class=\"elementor-element elementor-element-2a92b50 e-con-full e-flex e-con e-child\" data-id=\"2a92b50\" data-element_type=\"container\" data-e-type=\"container\">\n\t\t\t\t<div class=\"elementor-element elementor-element-76bf345 elementor-widget elementor-widget-text-editor\" data-id=\"76bf345\" data-element_type=\"widget\" data-e-type=\"widget\" data-widget_type=\"text-editor.default\">\n\t\t\t\t<div class=\"elementor-widget-container\">\n\t\t\t\t\t\t\t\t\t<p>Contatto Diretto in Cina con:\u00a0 <a style=\"background-color: #ffffff;\" href=\" http:\/\/en.znd.net.cn\/\" target=\"_blank\" rel=\"noopener\"><img decoding=\"async\" src=\"https:\/\/www.autoelettric.com\/it\/wp-content\/uploads\/sites\/2\/2024\/02\/logo_AUT-ZND-300x87.jpg\" alt=\"\" width=\"138\" height=\"40\" \/><\/a><\/p><p><span style=\"font-weight: bolder;\">Elan Li<\/span><\/p>\t\t\t\t\t\t\t\t<\/div>\n\t\t\t\t<\/div>\n\t\t\t\t<\/div>\n\t\t<div class=\"elementor-element elementor-element-3d09cc9 e-con-full e-flex e-con e-child\" data-id=\"3d09cc9\" data-element_type=\"container\" data-e-type=\"container\">\n\t\t\t\t<\/div>\n\t\t<div class=\"elementor-element elementor-element-245f5b9 e-con-full e-flex e-con e-child\" data-id=\"245f5b9\" data-element_type=\"container\" data-e-type=\"container\">\n\t\t\t\t<div class=\"elementor-element elementor-element-6c6d88c elementor-icon-list--layout-traditional elementor-list-item-link-full_width elementor-widget elementor-widget-icon-list\" data-id=\"6c6d88c\" data-element_type=\"widget\" data-e-type=\"widget\" data-widget_type=\"icon-list.default\">\n\t\t\t\t<div class=\"elementor-widget-container\">\n\t\t\t\t\t\t\t<ul class=\"elementor-icon-list-items\">\n\t\t\t\t\t\t\t<li class=\"elementor-icon-list-item\">\n\t\t\t\t\t\t\t\t\t\t\t<a href=\"http:\/\/internationalsales@znd.net.cn\" target=\"_blank\">\n\n\t\t\t\t\t\t\t\t\t\t\t\t<span class=\"elementor-icon-list-icon\">\n\t\t\t\t\t\t\t<i aria-hidden=\"true\" class=\"far fa-envelope\"><\/i>\t\t\t\t\t\t<\/span>\n\t\t\t\t\t\t\t\t\t\t<span class=\"elementor-icon-list-text\">internationalsales@znd.net.cn<\/span>\n\t\t\t\t\t\t\t\t\t\t\t<\/a>\n\t\t\t\t\t\t\t\t\t<\/li>\n\t\t\t\t\t\t\t\t<li class=\"elementor-icon-list-item\">\n\t\t\t\t\t\t\t\t\t\t\t<span class=\"elementor-icon-list-icon\">\n\t\t\t\t\t\t\t<i aria-hidden=\"true\" class=\"fas fa-phone-alt\"><\/i>\t\t\t\t\t\t<\/span>\n\t\t\t\t\t\t\t\t\t\t<span class=\"elementor-icon-list-text\">+86 18158177087<\/span>\n\t\t\t\t\t\t\t\t\t<\/li>\n\t\t\t\t\t\t\t\t<li class=\"elementor-icon-list-item\">\n\t\t\t\t\t\t\t\t\t\t\t<span class=\"elementor-icon-list-icon\">\n\t\t\t\t\t\t\t<i aria-hidden=\"true\" class=\"far fa-address-card\"><\/i>\t\t\t\t\t\t<\/span>\n\t\t\t\t\t\t\t\t\t\t<span class=\"elementor-icon-list-text\">ZND HuangShan ZhenDe Electronics Co., Ltd Economic Development Zone Phase II,SheXian County, HuangShan City, AnHui Province,China<\/span>\n\t\t\t\t\t\t\t\t\t<\/li>\n\t\t\t\t\t\t<\/ul>\n\t\t\t\t\t\t<\/div>\n\t\t\t\t<\/div>\n\t\t\t\t<\/div>\n\t\t<div class=\"elementor-element elementor-element-1c181b2 e-con-full e-flex e-con e-child\" data-id=\"1c181b2\" data-element_type=\"container\" data-e-type=\"container\">\n\t\t\t\t<\/div>\n\t\t\t\t\t<\/div>\n\t\t\t\t<\/div>\n\t\t\t\t<\/div>\n\t\t","protected":false},"excerpt":{"rendered":"<p>ZND \u2013 Zhen De Electronics ZND (Zhen De Electronics Co., Ltd.) \u00e8 un produttore cinese specializzato nello sviluppo e nella produzione di rel\u00e8 per circuiti stampati (PCB relays), rel\u00e8 di segnale e componenti elettromeccanici destinati ad applicazioni industriali ed automotive. L\u2019azienda dispone di una struttura produttiva solida e integrata, in grado di garantire elevati volumi, [&hellip;]<\/p>\n","protected":false},"author":2,"featured_media":0,"parent":0,"menu_order":0,"comment_status":"closed","ping_status":"closed","template":"elementor_header_footer","meta":{"_acf_changed":false,"footnotes":""},"class_list":["post-9263","page","type-page","status-publish","hentry"],"acf":[],"yoast_head":"<!-- This site is optimized with the Yoast SEO plugin v27.4 - https:\/\/yoast.com\/product\/yoast-seo-wordpress\/ -->\n<title>ZND \u2013 Zhen De Electronics - Autoelettric<\/title>\n<meta name=\"robots\" content=\"index, follow, max-snippet:-1, max-image-preview:large, max-video-preview:-1\" \/>\n<link rel=\"canonical\" href=\"https:\/\/www.autoelettric.com\/it\/znd-zhen-de-electronics\/\" \/>\n<meta property=\"og:locale\" content=\"it_IT\" \/>\n<meta property=\"og:type\" content=\"article\" \/>\n<meta property=\"og:title\" content=\"ZND \u2013 Zhen De Electronics - Autoelettric\" \/>\n<meta property=\"og:description\" content=\"ZND \u2013 Zhen De Electronics ZND (Zhen De Electronics Co., Ltd.) \u00e8 un produttore cinese specializzato nello sviluppo e nella produzione di rel\u00e8 per circuiti stampati (PCB relays), rel\u00e8 di segnale e componenti elettromeccanici destinati ad applicazioni industriali ed automotive. L\u2019azienda dispone di una struttura produttiva solida e integrata, in grado di garantire elevati volumi, [&hellip;]\" \/>\n<meta property=\"og:url\" content=\"https:\/\/www.autoelettric.com\/it\/znd-zhen-de-electronics\/\" \/>\n<meta property=\"og:site_name\" content=\"Autoelettric\" \/>\n<meta property=\"article:modified_time\" content=\"2026-04-09T14:35:29+00:00\" \/>\n<meta property=\"og:image\" content=\"https:\/\/www.autoelettric.com\/it\/wp-content\/uploads\/sites\/2\/2024\/02\/logo_AUT-ZND-300x87.jpg\" \/>\n<meta name=\"twitter:card\" content=\"summary_large_image\" \/>\n<meta name=\"twitter:label1\" content=\"Tempo di lettura stimato\" \/>\n\t<meta name=\"twitter:data1\" content=\"2 minuti\" \/>\n<script type=\"application\/ld+json\" class=\"yoast-schema-graph\">{\"@context\":\"https:\\\/\\\/schema.org\",\"@graph\":[{\"@type\":\"WebPage\",\"@id\":\"https:\\\/\\\/www.autoelettric.com\\\/it\\\/znd-zhen-de-electronics\\\/\",\"url\":\"https:\\\/\\\/www.autoelettric.com\\\/it\\\/znd-zhen-de-electronics\\\/\",\"name\":\"ZND \u2013 Zhen De Electronics - Autoelettric\",\"isPartOf\":{\"@id\":\"https:\\\/\\\/www.autoelettric.com\\\/it\\\/#website\"},\"primaryImageOfPage\":{\"@id\":\"https:\\\/\\\/www.autoelettric.com\\\/it\\\/znd-zhen-de-electronics\\\/#primaryimage\"},\"image\":{\"@id\":\"https:\\\/\\\/www.autoelettric.com\\\/it\\\/znd-zhen-de-electronics\\\/#primaryimage\"},\"thumbnailUrl\":\"https:\\\/\\\/www.autoelettric.com\\\/it\\\/wp-content\\\/uploads\\\/sites\\\/2\\\/2024\\\/02\\\/logo_AUT-ZND-300x87.jpg\",\"datePublished\":\"2026-04-09T12:43:07+00:00\",\"dateModified\":\"2026-04-09T14:35:29+00:00\",\"breadcrumb\":{\"@id\":\"https:\\\/\\\/www.autoelettric.com\\\/it\\\/znd-zhen-de-electronics\\\/#breadcrumb\"},\"inLanguage\":\"it-IT\",\"potentialAction\":[{\"@type\":\"ReadAction\",\"target\":[\"https:\\\/\\\/www.autoelettric.com\\\/it\\\/znd-zhen-de-electronics\\\/\"]}]},{\"@type\":\"ImageObject\",\"inLanguage\":\"it-IT\",\"@id\":\"https:\\\/\\\/www.autoelettric.com\\\/it\\\/znd-zhen-de-electronics\\\/#primaryimage\",\"url\":\"https:\\\/\\\/www.autoelettric.com\\\/it\\\/wp-content\\\/uploads\\\/sites\\\/2\\\/2024\\\/02\\\/logo_AUT-ZND-scaled.jpg\",\"contentUrl\":\"https:\\\/\\\/www.autoelettric.com\\\/it\\\/wp-content\\\/uploads\\\/sites\\\/2\\\/2024\\\/02\\\/logo_AUT-ZND-scaled.jpg\",\"width\":2560,\"height\":741},{\"@type\":\"BreadcrumbList\",\"@id\":\"https:\\\/\\\/www.autoelettric.com\\\/it\\\/znd-zhen-de-electronics\\\/#breadcrumb\",\"itemListElement\":[{\"@type\":\"ListItem\",\"position\":1,\"name\":\"Home\",\"item\":\"https:\\\/\\\/www.autoelettric.com\\\/it\\\/\"},{\"@type\":\"ListItem\",\"position\":2,\"name\":\"ZND \u2013 Zhen De Electronics\"}]},{\"@type\":\"WebSite\",\"@id\":\"https:\\\/\\\/www.autoelettric.com\\\/it\\\/#website\",\"url\":\"https:\\\/\\\/www.autoelettric.com\\\/it\\\/\",\"name\":\"Autoelettric\",\"description\":\"\",\"potentialAction\":[{\"@type\":\"SearchAction\",\"target\":{\"@type\":\"EntryPoint\",\"urlTemplate\":\"https:\\\/\\\/www.autoelettric.com\\\/it\\\/?s={search_term_string}\"},\"query-input\":{\"@type\":\"PropertyValueSpecification\",\"valueRequired\":true,\"valueName\":\"search_term_string\"}}],\"inLanguage\":\"it-IT\"}]}<\/script>\n<!-- \/ Yoast SEO plugin. -->","yoast_head_json":{"title":"ZND \u2013 Zhen De Electronics - Autoelettric","robots":{"index":"index","follow":"follow","max-snippet":"max-snippet:-1","max-image-preview":"max-image-preview:large","max-video-preview":"max-video-preview:-1"},"canonical":"https:\/\/www.autoelettric.com\/it\/znd-zhen-de-electronics\/","og_locale":"it_IT","og_type":"article","og_title":"ZND \u2013 Zhen De Electronics - Autoelettric","og_description":"ZND \u2013 Zhen De Electronics ZND (Zhen De Electronics Co., Ltd.) \u00e8 un produttore cinese specializzato nello sviluppo e nella produzione di rel\u00e8 per circuiti stampati (PCB relays), rel\u00e8 di segnale e componenti elettromeccanici destinati ad applicazioni industriali ed automotive. L\u2019azienda dispone di una struttura produttiva solida e integrata, in grado di garantire elevati volumi, [&hellip;]","og_url":"https:\/\/www.autoelettric.com\/it\/znd-zhen-de-electronics\/","og_site_name":"Autoelettric","article_modified_time":"2026-04-09T14:35:29+00:00","og_image":[{"url":"https:\/\/www.autoelettric.com\/it\/wp-content\/uploads\/sites\/2\/2024\/02\/logo_AUT-ZND-300x87.jpg","type":"","width":"","height":""}],"twitter_card":"summary_large_image","twitter_misc":{"Tempo di lettura stimato":"2 minuti"},"schema":{"@context":"https:\/\/schema.org","@graph":[{"@type":"WebPage","@id":"https:\/\/www.autoelettric.com\/it\/znd-zhen-de-electronics\/","url":"https:\/\/www.autoelettric.com\/it\/znd-zhen-de-electronics\/","name":"ZND \u2013 Zhen De Electronics - Autoelettric","isPartOf":{"@id":"https:\/\/www.autoelettric.com\/it\/#website"},"primaryImageOfPage":{"@id":"https:\/\/www.autoelettric.com\/it\/znd-zhen-de-electronics\/#primaryimage"},"image":{"@id":"https:\/\/www.autoelettric.com\/it\/znd-zhen-de-electronics\/#primaryimage"},"thumbnailUrl":"https:\/\/www.autoelettric.com\/it\/wp-content\/uploads\/sites\/2\/2024\/02\/logo_AUT-ZND-300x87.jpg","datePublished":"2026-04-09T12:43:07+00:00","dateModified":"2026-04-09T14:35:29+00:00","breadcrumb":{"@id":"https:\/\/www.autoelettric.com\/it\/znd-zhen-de-electronics\/#breadcrumb"},"inLanguage":"it-IT","potentialAction":[{"@type":"ReadAction","target":["https:\/\/www.autoelettric.com\/it\/znd-zhen-de-electronics\/"]}]},{"@type":"ImageObject","inLanguage":"it-IT","@id":"https:\/\/www.autoelettric.com\/it\/znd-zhen-de-electronics\/#primaryimage","url":"https:\/\/www.autoelettric.com\/it\/wp-content\/uploads\/sites\/2\/2024\/02\/logo_AUT-ZND-scaled.jpg","contentUrl":"https:\/\/www.autoelettric.com\/it\/wp-content\/uploads\/sites\/2\/2024\/02\/logo_AUT-ZND-scaled.jpg","width":2560,"height":741},{"@type":"BreadcrumbList","@id":"https:\/\/www.autoelettric.com\/it\/znd-zhen-de-electronics\/#breadcrumb","itemListElement":[{"@type":"ListItem","position":1,"name":"Home","item":"https:\/\/www.autoelettric.com\/it\/"},{"@type":"ListItem","position":2,"name":"ZND \u2013 Zhen De Electronics"}]},{"@type":"WebSite","@id":"https:\/\/www.autoelettric.com\/it\/#website","url":"https:\/\/www.autoelettric.com\/it\/","name":"Autoelettric","description":"","potentialAction":[{"@type":"SearchAction","target":{"@type":"EntryPoint","urlTemplate":"https:\/\/www.autoelettric.com\/it\/?s={search_term_string}"},"query-input":{"@type":"PropertyValueSpecification","valueRequired":true,"valueName":"search_term_string"}}],"inLanguage":"it-IT"}]}},"_links":{"self":[{"href":"https:\/\/www.autoelettric.com\/it\/wp-json\/wp\/v2\/pages\/9263","targetHints":{"allow":["GET"]}}],"collection":[{"href":"https:\/\/www.autoelettric.com\/it\/wp-json\/wp\/v2\/pages"}],"about":[{"href":"https:\/\/www.autoelettric.com\/it\/wp-json\/wp\/v2\/types\/page"}],"author":[{"embeddable":true,"href":"https:\/\/www.autoelettric.com\/it\/wp-json\/wp\/v2\/users\/2"}],"replies":[{"embeddable":true,"href":"https:\/\/www.autoelettric.com\/it\/wp-json\/wp\/v2\/comments?post=9263"}],"version-history":[{"count":40,"href":"https:\/\/www.autoelettric.com\/it\/wp-json\/wp\/v2\/pages\/9263\/revisions"}],"predecessor-version":[{"id":9338,"href":"https:\/\/www.autoelettric.com\/it\/wp-json\/wp\/v2\/pages\/9263\/revisions\/9338"}],"wp:attachment":[{"href":"https:\/\/www.autoelettric.com\/it\/wp-json\/wp\/v2\/media?parent=9263"}],"curies":[{"name":"wp","href":"https:\/\/api.w.org\/{rel}","templated":true}]}}