{"id":4433,"date":"2026-04-24T10:05:31","date_gmt":"2026-04-24T08:05:31","guid":{"rendered":"https:\/\/www.autoelettric.com\/it\/prodotto\/lwl-relay-avvisatore-di-luci-accese-06-202-01-2\/"},"modified":"2026-04-24T10:05:33","modified_gmt":"2026-04-24T08:05:33","slug":"lwl-relay-avvisatore-di-luci-accese-06-202-01","status":"publish","type":"product","link":"https:\/\/www.autoelettric.com\/it\/prodotto\/lwl-relay-avvisatore-di-luci-accese-06-202-01\/","title":{"rendered":"LWL &#8211; Relay Avvisatore di Luci Accese &#8211; 06.202.01"},"content":{"rendered":"<p>L\u2019 LWL Lights on Warning Unit \u00e8 un dispositivo nato in origine come avvisatore di luci accese ma nel tempo ha trovato altre applicazioni come la segnalazione acustica di apertura porte negli autobus, nel segnalare all\u2019operatore quando il veicolo \u00e8 non \u00e8 stabile sul terreno rischiando il ribaltamento oppure quando alcune illuminazioni rimangono in funzione. <\/p>\n<p>E\u2019 un semplice e affidabile dispositivo acustico, all-in-one con buzzer incorporato, sia in modalit\u00e0 continua sia intermittente.<\/p>\n<p>L\u2019azienda in stretto contatto con il cliente \u00e8 in grado di dare risposta ad esigenze specifiche, variando il software del microprocessore a bordo del circuito cos\u00ec da replicare il comportamento pi\u00f9 utile alle necessit\u00e0 dell\u2019installatore.<\/p>\n<p>Gli articoli dispongono di una staffa in metallo per il fissaggio.<\/p>\n","protected":false},"excerpt":{"rendered":"<p>Suono Continuo<br \/>\n>85 dB-30 cm<\/p>\n","protected":false},"featured_media":0,"comment_status":"closed","ping_status":"open","template":"","meta":{"_acf_changed":false},"product_brand":[],"product_cat":[],"product_tag":[],"class_list":{"0":"post-4433","1":"product","2":"type-product","3":"status-publish","6":"first","7":"instock","8":"product-type-simple"},"acf":[],"yoast_head":"<!-- This site is optimized with the Yoast SEO plugin v27.5 - https:\/\/yoast.com\/product\/yoast-seo-wordpress\/ -->\n<title>LWL - Relay Avvisatore di Luci Accese - 06.202.01 - Autoelettric<\/title>\n<meta name=\"robots\" content=\"index, follow, max-snippet:-1, max-image-preview:large, max-video-preview:-1\" \/>\n<link rel=\"canonical\" href=\"https:\/\/www.autoelettric.com\/it\/prodotto\/lwl-relay-avvisatore-di-luci-accese-06-202-01\/\" \/>\n<meta property=\"og:locale\" content=\"it_IT\" \/>\n<meta property=\"og:type\" content=\"article\" \/>\n<meta property=\"og:title\" content=\"LWL - Relay Avvisatore di Luci Accese - 06.202.01 - Autoelettric\" \/>\n<meta property=\"og:description\" content=\"Suono Continuo &gt;85 dB-30 cm\" \/>\n<meta property=\"og:url\" content=\"https:\/\/www.autoelettric.com\/it\/prodotto\/lwl-relay-avvisatore-di-luci-accese-06-202-01\/\" \/>\n<meta property=\"og:site_name\" content=\"Autoelettric\" \/>\n<meta property=\"article:modified_time\" content=\"2026-04-24T08:05:33+00:00\" \/>\n<meta name=\"twitter:card\" content=\"summary_large_image\" \/>\n<meta name=\"twitter:label1\" content=\"Tempo di lettura stimato\" \/>\n\t<meta name=\"twitter:data1\" content=\"1 minuto\" \/>\n<script type=\"application\/ld+json\" class=\"yoast-schema-graph\">{\"@context\":\"https:\\\/\\\/schema.org\",\"@graph\":[{\"@type\":\"WebPage\",\"@id\":\"https:\\\/\\\/www.autoelettric.com\\\/it\\\/prodotto\\\/lwl-relay-avvisatore-di-luci-accese-06-202-01\\\/\",\"url\":\"https:\\\/\\\/www.autoelettric.com\\\/it\\\/prodotto\\\/lwl-relay-avvisatore-di-luci-accese-06-202-01\\\/\",\"name\":\"LWL - Relay Avvisatore di Luci Accese - 06.202.01 - Autoelettric\",\"isPartOf\":{\"@id\":\"https:\\\/\\\/www.autoelettric.com\\\/it\\\/#website\"},\"datePublished\":\"2026-04-24T08:05:31+00:00\",\"dateModified\":\"2026-04-24T08:05:33+00:00\",\"breadcrumb\":{\"@id\":\"https:\\\/\\\/www.autoelettric.com\\\/it\\\/prodotto\\\/lwl-relay-avvisatore-di-luci-accese-06-202-01\\\/#breadcrumb\"},\"inLanguage\":\"it-IT\",\"potentialAction\":[{\"@type\":\"ReadAction\",\"target\":[\"https:\\\/\\\/www.autoelettric.com\\\/it\\\/prodotto\\\/lwl-relay-avvisatore-di-luci-accese-06-202-01\\\/\"]}]},{\"@type\":\"BreadcrumbList\",\"@id\":\"https:\\\/\\\/www.autoelettric.com\\\/it\\\/prodotto\\\/lwl-relay-avvisatore-di-luci-accese-06-202-01\\\/#breadcrumb\",\"itemListElement\":[{\"@type\":\"ListItem\",\"position\":1,\"name\":\"Home\",\"item\":\"https:\\\/\\\/www.autoelettric.com\\\/it\\\/\"},{\"@type\":\"ListItem\",\"position\":2,\"name\":\"Shop\",\"item\":\"https:\\\/\\\/www.autoelettric.com\\\/it\\\/negozio\\\/\"},{\"@type\":\"ListItem\",\"position\":3,\"name\":\"LWL &#8211; Relay Avvisatore di Luci Accese &#8211; 06.202.01\"}]},{\"@type\":\"WebSite\",\"@id\":\"https:\\\/\\\/www.autoelettric.com\\\/it\\\/#website\",\"url\":\"https:\\\/\\\/www.autoelettric.com\\\/it\\\/\",\"name\":\"Autoelettric\",\"description\":\"\",\"potentialAction\":[{\"@type\":\"SearchAction\",\"target\":{\"@type\":\"EntryPoint\",\"urlTemplate\":\"https:\\\/\\\/www.autoelettric.com\\\/it\\\/?s={search_term_string}\"},\"query-input\":{\"@type\":\"PropertyValueSpecification\",\"valueRequired\":true,\"valueName\":\"search_term_string\"}}],\"inLanguage\":\"it-IT\"}]}<\/script>\n<!-- \/ Yoast SEO plugin. -->","yoast_head_json":{"title":"LWL - Relay Avvisatore di Luci Accese - 06.202.01 - Autoelettric","robots":{"index":"index","follow":"follow","max-snippet":"max-snippet:-1","max-image-preview":"max-image-preview:large","max-video-preview":"max-video-preview:-1"},"canonical":"https:\/\/www.autoelettric.com\/it\/prodotto\/lwl-relay-avvisatore-di-luci-accese-06-202-01\/","og_locale":"it_IT","og_type":"article","og_title":"LWL - Relay Avvisatore di Luci Accese - 06.202.01 - Autoelettric","og_description":"Suono Continuo >85 dB-30 cm","og_url":"https:\/\/www.autoelettric.com\/it\/prodotto\/lwl-relay-avvisatore-di-luci-accese-06-202-01\/","og_site_name":"Autoelettric","article_modified_time":"2026-04-24T08:05:33+00:00","twitter_card":"summary_large_image","twitter_misc":{"Tempo di lettura stimato":"1 minuto"},"schema":{"@context":"https:\/\/schema.org","@graph":[{"@type":"WebPage","@id":"https:\/\/www.autoelettric.com\/it\/prodotto\/lwl-relay-avvisatore-di-luci-accese-06-202-01\/","url":"https:\/\/www.autoelettric.com\/it\/prodotto\/lwl-relay-avvisatore-di-luci-accese-06-202-01\/","name":"LWL - Relay Avvisatore di Luci Accese - 06.202.01 - Autoelettric","isPartOf":{"@id":"https:\/\/www.autoelettric.com\/it\/#website"},"datePublished":"2026-04-24T08:05:31+00:00","dateModified":"2026-04-24T08:05:33+00:00","breadcrumb":{"@id":"https:\/\/www.autoelettric.com\/it\/prodotto\/lwl-relay-avvisatore-di-luci-accese-06-202-01\/#breadcrumb"},"inLanguage":"it-IT","potentialAction":[{"@type":"ReadAction","target":["https:\/\/www.autoelettric.com\/it\/prodotto\/lwl-relay-avvisatore-di-luci-accese-06-202-01\/"]}]},{"@type":"BreadcrumbList","@id":"https:\/\/www.autoelettric.com\/it\/prodotto\/lwl-relay-avvisatore-di-luci-accese-06-202-01\/#breadcrumb","itemListElement":[{"@type":"ListItem","position":1,"name":"Home","item":"https:\/\/www.autoelettric.com\/it\/"},{"@type":"ListItem","position":2,"name":"Shop","item":"https:\/\/www.autoelettric.com\/it\/negozio\/"},{"@type":"ListItem","position":3,"name":"LWL &#8211; Relay Avvisatore di Luci Accese &#8211; 06.202.01"}]},{"@type":"WebSite","@id":"https:\/\/www.autoelettric.com\/it\/#website","url":"https:\/\/www.autoelettric.com\/it\/","name":"Autoelettric","description":"","potentialAction":[{"@type":"SearchAction","target":{"@type":"EntryPoint","urlTemplate":"https:\/\/www.autoelettric.com\/it\/?s={search_term_string}"},"query-input":{"@type":"PropertyValueSpecification","valueRequired":true,"valueName":"search_term_string"}}],"inLanguage":"it-IT"}]}},"_links":{"self":[{"href":"https:\/\/www.autoelettric.com\/it\/wp-json\/wp\/v2\/product\/4433","targetHints":{"allow":["GET"]}}],"collection":[{"href":"https:\/\/www.autoelettric.com\/it\/wp-json\/wp\/v2\/product"}],"about":[{"href":"https:\/\/www.autoelettric.com\/it\/wp-json\/wp\/v2\/types\/product"}],"replies":[{"embeddable":true,"href":"https:\/\/www.autoelettric.com\/it\/wp-json\/wp\/v2\/comments?post=4433"}],"wp:attachment":[{"href":"https:\/\/www.autoelettric.com\/it\/wp-json\/wp\/v2\/media?parent=4433"}],"wp:term":[{"taxonomy":"product_brand","embeddable":true,"href":"https:\/\/www.autoelettric.com\/it\/wp-json\/wp\/v2\/product_brand?post=4433"},{"taxonomy":"product_cat","embeddable":true,"href":"https:\/\/www.autoelettric.com\/it\/wp-json\/wp\/v2\/product_cat?post=4433"},{"taxonomy":"product_tag","embeddable":true,"href":"https:\/\/www.autoelettric.com\/it\/wp-json\/wp\/v2\/product_tag?post=4433"}],"curies":[{"name":"wp","href":"https:\/\/api.w.org\/{rel}","templated":true}]}}