{"id":6676,"date":"2026-04-24T10:05:51","date_gmt":"2026-04-24T08:05:51","guid":{"rendered":"https:\/\/www.autoelettric.com\/it\/prodotto\/separatore-di-batteria-bs-d-n-160-a1-con-sistema-di-rilevamento-delle-vibrazioni-bs-d-n-160-a1\/"},"modified":"2026-04-24T10:05:53","modified_gmt":"2026-04-24T08:05:53","slug":"separatore-di-batteria-bs-d-n-160-a1-con-sistema-di-rilevamento-delle-vibrazioni-bs-d-n-160-a1","status":"publish","type":"product","link":"https:\/\/www.autoelettric.com\/it\/prodotto\/separatore-di-batteria-bs-d-n-160-a1-con-sistema-di-rilevamento-delle-vibrazioni-bs-d-n-160-a1\/","title":{"rendered":"Separatore di batteria BS-D-N-160-A1 con Sistema di rilevamento delle vibrazioni &#8211; BS-D-N-160-A1"},"content":{"rendered":"<p>Il BS-D-N-160-A1 \u00e8 un interruttore meccanico ad alta capacit\u00e0 con rilevamento delle vibrazioni integrato che pu\u00f2 essere utilizzato in situazioni in cui sono presenti 2 batterie, ad esempio in camion, roulotte e camper.<br \/>\nIl BS-D-N-160-A1 \u00e8 in grado di rilevare se un veicolo \u00e8 acceso in base alle vibrazioni misurate. Il BS-D-N-160-A1 e pu\u00f2 funzionare in tre modi diversi. \u00c8 possibile selezionare un controllo puramente dipendente dalla tensione.<br \/>\nUn&#8217;altra opzione \u00e8 quella di selezionare un sistema che reagisca alle vibrazioni del veicolo in cui si trova. \u00c8 inoltre possibile selezionare una combinazione di entrambi i sistemi.<br \/>\nSe la tensione \u00e8 inferiore a 11,8 V per 4 secondi, inferiore a 12,8 V per 60 secondi o inferiore a 16,0 V per 0,5 secondi, il rel\u00e8 si spegne.<br \/>\nSe il rel\u00e8 \u00e8 spento, si riaccender\u00e0 solo se \u00e8 inferiore a 15,8 V per 5 secondi o superiore a 13,2 V per 7 secondi.<br \/>\nIndipendentemente dalla posizione in cui \u00e8 stato configurato il BS-D-N-160-A1, il BS-D-N-160-A1 si spegne sempre se la tensione \u00e8 inferiore a 11,6 V o superiore a 17,0 V per un breve periodo.<br \/>\nIl BS-D-N-160-A1 verr\u00e0 nuovamente resettato se la tensione rientra nell&#8217;intervallo di 11,8 e 16,8 V per 5 secondi.<\/p>\n<p><b>Applicazioni tipiche:<\/b> Separatore di batterie per sistemi a due batterie, con contatti <\/p>\n<p><b>Ideale per:<\/b> Nautica, Auto, Camper, Euro 5\/6, Camion<\/p>\n<p><b>Omologazione:<\/b>10R05<\/p>\n","protected":false},"excerpt":{"rendered":"<p>Il BS-D-N-160-A1 \u00e8 un interruttore meccanico ad alta capacit\u00e0 con rilevamento delle vibrazioni integrato che pu\u00f2 essere utilizzato in situazioni in cui sono presenti 2 batterie, ad esempio in camion, roulotte e camper. Il BS-D-N-160-A1 \u00e8 in grado di rilevare se un veicolo \u00e8 acceso in base alle vibrazioni misurate. Il BS-D-N-160-A1 e pu\u00f2 funzionare [&hellip;]<\/p>\n","protected":false},"featured_media":0,"comment_status":"closed","ping_status":"open","template":"","meta":{"_acf_changed":false},"product_brand":[],"product_cat":[],"product_tag":[],"class_list":{"0":"post-6676","1":"product","2":"type-product","3":"status-publish","6":"first","7":"instock","8":"product-type-simple"},"acf":[],"yoast_head":"<!-- This site is optimized with the Yoast SEO plugin v27.4 - https:\/\/yoast.com\/product\/yoast-seo-wordpress\/ -->\n<title>Separatore di batteria BS-D-N-160-A1 con Sistema di rilevamento delle vibrazioni - BS-D-N-160-A1 - Autoelettric<\/title>\n<meta name=\"robots\" content=\"index, follow, max-snippet:-1, max-image-preview:large, max-video-preview:-1\" \/>\n<link rel=\"canonical\" href=\"https:\/\/www.autoelettric.com\/it\/prodotto\/separatore-di-batteria-bs-d-n-160-a1-con-sistema-di-rilevamento-delle-vibrazioni-bs-d-n-160-a1\/\" \/>\n<meta property=\"og:locale\" content=\"it_IT\" \/>\n<meta property=\"og:type\" content=\"article\" \/>\n<meta property=\"og:title\" content=\"Separatore di batteria BS-D-N-160-A1 con Sistema di rilevamento delle vibrazioni - BS-D-N-160-A1 - Autoelettric\" \/>\n<meta property=\"og:description\" content=\"Il BS-D-N-160-A1 \u00e8 un interruttore meccanico ad alta capacit\u00e0 con rilevamento delle vibrazioni integrato che pu\u00f2 essere utilizzato in situazioni in cui sono presenti 2 batterie, ad esempio in camion, roulotte e camper. Il BS-D-N-160-A1 \u00e8 in grado di rilevare se un veicolo \u00e8 acceso in base alle vibrazioni misurate. Il BS-D-N-160-A1 e pu\u00f2 funzionare [&hellip;]\" \/>\n<meta property=\"og:url\" content=\"https:\/\/www.autoelettric.com\/it\/prodotto\/separatore-di-batteria-bs-d-n-160-a1-con-sistema-di-rilevamento-delle-vibrazioni-bs-d-n-160-a1\/\" \/>\n<meta property=\"og:site_name\" content=\"Autoelettric\" \/>\n<meta property=\"article:modified_time\" content=\"2026-04-24T08:05:53+00:00\" \/>\n<meta name=\"twitter:card\" content=\"summary_large_image\" \/>\n<meta name=\"twitter:label1\" content=\"Tempo di lettura stimato\" \/>\n\t<meta name=\"twitter:data1\" content=\"1 minuto\" \/>\n<script type=\"application\/ld+json\" class=\"yoast-schema-graph\">{\"@context\":\"https:\\\/\\\/schema.org\",\"@graph\":[{\"@type\":\"WebPage\",\"@id\":\"https:\\\/\\\/www.autoelettric.com\\\/it\\\/prodotto\\\/separatore-di-batteria-bs-d-n-160-a1-con-sistema-di-rilevamento-delle-vibrazioni-bs-d-n-160-a1\\\/\",\"url\":\"https:\\\/\\\/www.autoelettric.com\\\/it\\\/prodotto\\\/separatore-di-batteria-bs-d-n-160-a1-con-sistema-di-rilevamento-delle-vibrazioni-bs-d-n-160-a1\\\/\",\"name\":\"Separatore di batteria BS-D-N-160-A1 con Sistema di rilevamento delle vibrazioni - BS-D-N-160-A1 - Autoelettric\",\"isPartOf\":{\"@id\":\"https:\\\/\\\/www.autoelettric.com\\\/it\\\/#website\"},\"datePublished\":\"2026-04-24T08:05:51+00:00\",\"dateModified\":\"2026-04-24T08:05:53+00:00\",\"breadcrumb\":{\"@id\":\"https:\\\/\\\/www.autoelettric.com\\\/it\\\/prodotto\\\/separatore-di-batteria-bs-d-n-160-a1-con-sistema-di-rilevamento-delle-vibrazioni-bs-d-n-160-a1\\\/#breadcrumb\"},\"inLanguage\":\"it-IT\",\"potentialAction\":[{\"@type\":\"ReadAction\",\"target\":[\"https:\\\/\\\/www.autoelettric.com\\\/it\\\/prodotto\\\/separatore-di-batteria-bs-d-n-160-a1-con-sistema-di-rilevamento-delle-vibrazioni-bs-d-n-160-a1\\\/\"]}]},{\"@type\":\"BreadcrumbList\",\"@id\":\"https:\\\/\\\/www.autoelettric.com\\\/it\\\/prodotto\\\/separatore-di-batteria-bs-d-n-160-a1-con-sistema-di-rilevamento-delle-vibrazioni-bs-d-n-160-a1\\\/#breadcrumb\",\"itemListElement\":[{\"@type\":\"ListItem\",\"position\":1,\"name\":\"Home\",\"item\":\"https:\\\/\\\/www.autoelettric.com\\\/it\\\/\"},{\"@type\":\"ListItem\",\"position\":2,\"name\":\"Shop\",\"item\":\"https:\\\/\\\/www.autoelettric.com\\\/it\\\/negozio\\\/\"},{\"@type\":\"ListItem\",\"position\":3,\"name\":\"Separatore di batteria BS-D-N-160-A1 con Sistema di rilevamento delle vibrazioni &#8211; BS-D-N-160-A1\"}]},{\"@type\":\"WebSite\",\"@id\":\"https:\\\/\\\/www.autoelettric.com\\\/it\\\/#website\",\"url\":\"https:\\\/\\\/www.autoelettric.com\\\/it\\\/\",\"name\":\"Autoelettric\",\"description\":\"\",\"potentialAction\":[{\"@type\":\"SearchAction\",\"target\":{\"@type\":\"EntryPoint\",\"urlTemplate\":\"https:\\\/\\\/www.autoelettric.com\\\/it\\\/?s={search_term_string}\"},\"query-input\":{\"@type\":\"PropertyValueSpecification\",\"valueRequired\":true,\"valueName\":\"search_term_string\"}}],\"inLanguage\":\"it-IT\"}]}<\/script>\n<!-- \/ Yoast SEO plugin. -->","yoast_head_json":{"title":"Separatore di batteria BS-D-N-160-A1 con Sistema di rilevamento delle vibrazioni - BS-D-N-160-A1 - Autoelettric","robots":{"index":"index","follow":"follow","max-snippet":"max-snippet:-1","max-image-preview":"max-image-preview:large","max-video-preview":"max-video-preview:-1"},"canonical":"https:\/\/www.autoelettric.com\/it\/prodotto\/separatore-di-batteria-bs-d-n-160-a1-con-sistema-di-rilevamento-delle-vibrazioni-bs-d-n-160-a1\/","og_locale":"it_IT","og_type":"article","og_title":"Separatore di batteria BS-D-N-160-A1 con Sistema di rilevamento delle vibrazioni - BS-D-N-160-A1 - Autoelettric","og_description":"Il BS-D-N-160-A1 \u00e8 un interruttore meccanico ad alta capacit\u00e0 con rilevamento delle vibrazioni integrato che pu\u00f2 essere utilizzato in situazioni in cui sono presenti 2 batterie, ad esempio in camion, roulotte e camper. Il BS-D-N-160-A1 \u00e8 in grado di rilevare se un veicolo \u00e8 acceso in base alle vibrazioni misurate. Il BS-D-N-160-A1 e pu\u00f2 funzionare [&hellip;]","og_url":"https:\/\/www.autoelettric.com\/it\/prodotto\/separatore-di-batteria-bs-d-n-160-a1-con-sistema-di-rilevamento-delle-vibrazioni-bs-d-n-160-a1\/","og_site_name":"Autoelettric","article_modified_time":"2026-04-24T08:05:53+00:00","twitter_card":"summary_large_image","twitter_misc":{"Tempo di lettura stimato":"1 minuto"},"schema":{"@context":"https:\/\/schema.org","@graph":[{"@type":"WebPage","@id":"https:\/\/www.autoelettric.com\/it\/prodotto\/separatore-di-batteria-bs-d-n-160-a1-con-sistema-di-rilevamento-delle-vibrazioni-bs-d-n-160-a1\/","url":"https:\/\/www.autoelettric.com\/it\/prodotto\/separatore-di-batteria-bs-d-n-160-a1-con-sistema-di-rilevamento-delle-vibrazioni-bs-d-n-160-a1\/","name":"Separatore di batteria BS-D-N-160-A1 con Sistema di rilevamento delle vibrazioni - BS-D-N-160-A1 - Autoelettric","isPartOf":{"@id":"https:\/\/www.autoelettric.com\/it\/#website"},"datePublished":"2026-04-24T08:05:51+00:00","dateModified":"2026-04-24T08:05:53+00:00","breadcrumb":{"@id":"https:\/\/www.autoelettric.com\/it\/prodotto\/separatore-di-batteria-bs-d-n-160-a1-con-sistema-di-rilevamento-delle-vibrazioni-bs-d-n-160-a1\/#breadcrumb"},"inLanguage":"it-IT","potentialAction":[{"@type":"ReadAction","target":["https:\/\/www.autoelettric.com\/it\/prodotto\/separatore-di-batteria-bs-d-n-160-a1-con-sistema-di-rilevamento-delle-vibrazioni-bs-d-n-160-a1\/"]}]},{"@type":"BreadcrumbList","@id":"https:\/\/www.autoelettric.com\/it\/prodotto\/separatore-di-batteria-bs-d-n-160-a1-con-sistema-di-rilevamento-delle-vibrazioni-bs-d-n-160-a1\/#breadcrumb","itemListElement":[{"@type":"ListItem","position":1,"name":"Home","item":"https:\/\/www.autoelettric.com\/it\/"},{"@type":"ListItem","position":2,"name":"Shop","item":"https:\/\/www.autoelettric.com\/it\/negozio\/"},{"@type":"ListItem","position":3,"name":"Separatore di batteria BS-D-N-160-A1 con Sistema di rilevamento delle vibrazioni &#8211; BS-D-N-160-A1"}]},{"@type":"WebSite","@id":"https:\/\/www.autoelettric.com\/it\/#website","url":"https:\/\/www.autoelettric.com\/it\/","name":"Autoelettric","description":"","potentialAction":[{"@type":"SearchAction","target":{"@type":"EntryPoint","urlTemplate":"https:\/\/www.autoelettric.com\/it\/?s={search_term_string}"},"query-input":{"@type":"PropertyValueSpecification","valueRequired":true,"valueName":"search_term_string"}}],"inLanguage":"it-IT"}]}},"_links":{"self":[{"href":"https:\/\/www.autoelettric.com\/it\/wp-json\/wp\/v2\/product\/6676","targetHints":{"allow":["GET"]}}],"collection":[{"href":"https:\/\/www.autoelettric.com\/it\/wp-json\/wp\/v2\/product"}],"about":[{"href":"https:\/\/www.autoelettric.com\/it\/wp-json\/wp\/v2\/types\/product"}],"replies":[{"embeddable":true,"href":"https:\/\/www.autoelettric.com\/it\/wp-json\/wp\/v2\/comments?post=6676"}],"wp:attachment":[{"href":"https:\/\/www.autoelettric.com\/it\/wp-json\/wp\/v2\/media?parent=6676"}],"wp:term":[{"taxonomy":"product_brand","embeddable":true,"href":"https:\/\/www.autoelettric.com\/it\/wp-json\/wp\/v2\/product_brand?post=6676"},{"taxonomy":"product_cat","embeddable":true,"href":"https:\/\/www.autoelettric.com\/it\/wp-json\/wp\/v2\/product_cat?post=6676"},{"taxonomy":"product_tag","embeddable":true,"href":"https:\/\/www.autoelettric.com\/it\/wp-json\/wp\/v2\/product_tag?post=6676"}],"curies":[{"name":"wp","href":"https:\/\/api.w.org\/{rel}","templated":true}]}}